{"id":39,"date":"2023-04-27T16:15:15","date_gmt":"2023-04-27T14:15:15","guid":{"rendered":"http:\/\/accueil.lasallepantin.fr\/?page_id=39"},"modified":"2023-04-27T16:22:58","modified_gmt":"2023-04-27T14:22:58","slug":"contact-acces","status":"publish","type":"page","link":"https:\/\/accueil.lasallepantin.fr\/?page_id=39","title":{"rendered":"Contact \/ Acc\u00e8s"},"content":{"rendered":"\n<p class=\"has-text-align-center\"><strong>Groupe Scolaire Priv\u00e9 Catholique Saint Joseph La Salle<\/strong><br>12 avenue du 8 Mai 1945<br>93500 Pantin<\/p>\n\n\n\n<p>Accueil ouvert du lundi au vendredi de 7h45 \u00e0 12h30 et de 13h30 \u00e0 17h00,<br>et le Mercredi de 8h \u00e0 12h30 et de 13h30 \u00e0 16h.<\/p>\n\n\n\n<p>T\u00e9l : +33 1 48 45 85 60<\/p>\n","protected":false},"excerpt":{"rendered":"<p>Groupe Scolaire Priv\u00e9 Catholique Saint Joseph La Salle12 avenue du 8 Mai 194593500 Pantin Accueil ouvert du lundi au vendredi &hellip; <\/p>\n","protected":false},"author":1,"featured_media":0,"parent":0,"menu_order":0,"comment_status":"closed","ping_status":"closed","template":"","meta":{"footnotes":""},"class_list":["post-39","page","type-page","status-publish","hentry"],"_links":{"self":[{"href":"https:\/\/accueil.lasallepantin.fr\/index.php?rest_route=\/wp\/v2\/pages\/39","targetHints":{"allow":["GET"]}}],"collection":[{"href":"https:\/\/accueil.lasallepantin.fr\/index.php?rest_route=\/wp\/v2\/pages"}],"about":[{"href":"https:\/\/accueil.lasallepantin.fr\/index.php?rest_route=\/wp\/v2\/types\/page"}],"author":[{"embeddable":true,"href":"https:\/\/accueil.lasallepantin.fr\/index.php?rest_route=\/wp\/v2\/users\/1"}],"replies":[{"embeddable":true,"href":"https:\/\/accueil.lasallepantin.fr\/index.php?rest_route=%2Fwp%2Fv2%2Fcomments&post=39"}],"version-history":[{"count":6,"href":"https:\/\/accueil.lasallepantin.fr\/index.php?rest_route=\/wp\/v2\/pages\/39\/revisions"}],"predecessor-version":[{"id":52,"href":"https:\/\/accueil.lasallepantin.fr\/index.php?rest_route=\/wp\/v2\/pages\/39\/revisions\/52"}],"wp:attachment":[{"href":"https:\/\/accueil.lasallepantin.fr\/index.php?rest_route=%2Fwp%2Fv2%2Fmedia&parent=39"}],"curies":[{"name":"wp","href":"https:\/\/api.w.org\/{rel}","templated":true}]}}